{"id":156,"date":"2020-04-16T13:46:49","date_gmt":"2020-04-16T13:46:49","guid":{"rendered":"https:\/\/cooperativalaromagnola.it\/?page_id=156"},"modified":"2020-04-16T20:39:25","modified_gmt":"2020-04-16T20:39:25","slug":"progetto-seppia","status":"publish","type":"page","link":"https:\/\/cooperativalaromagnola.it\/?page_id=156","title":{"rendered":"Progetto Seppia"},"content":{"rendered":"<p style=\"text-align: center;\"><strong>Avviso Pubblico PO FEAMP 2014\/2020, Misura 1.40, Protocollo Uscita N. 0001757 del 23\/01\/2020, Progetto S.E.P.P.I.A. (44\/RBC\/18)<\/strong> _<strong>CUP J69E18000520007<\/strong><\/p>\n<p style=\"text-align: center;\"><strong>Reg. (UE) 508\/2014 relativo al Fondo Europeo per gli Affari Marittimi e la Pesca FEAMP<\/strong><\/p>\n<p style=\"text-align: center;\"><strong>Misura 1.40 Protezione e ripristino della biodiversit\u00e0 e degli ecosistemi marini e dei regimi di compensazione nell&#8217;ambito di attivit\u00e0 di pesca sostenibili &#8211; Art. 40.1.a,b,c,d,e,f,g,i<\/strong><\/p>\n<p style=\"text-align: center;\"><strong>Beneficiario PICCOLA E MEDIA PESCA \u201cLA ROMAGNOLA\u201d COOP. C.F. 00382830396<\/strong><\/p>\n<p>Il progetto S.E.P.P.I.A. Salvaguardia E Protezione dei Popolamenti Ittici Adriatici, si propone come un programma di attivit\u00e0 a sostegno della piccola pesca costiera artigianale praticata lungo le acque che si affacciano sulle coste dei territori della provincia di Ravenna.<\/p>\n<p>Pone a target cinque specie dall\u2019altissimo interesse commerciale, che costituiscono una fondamentale risorsa per il mantenimento dell\u2019attivit\u00e0 ittica:<\/p>\n<ul>\n<li>la seppia (<em>Sepia officinalis)<\/em>,<\/li>\n<li>il calamaro (<em>Loligo vulgaris)<\/em>,<\/li>\n<li>il lumachino bombolino (<em>Nassarius mutabilis)<\/em>,<\/li>\n<li>la vongola <em>(Chamelea gallina)<\/em> come bersagli primari<\/li>\n<li>l\u2019astice europeo <em>(Homarus gammarus),<\/em> a livello di studio con previsione di esito positivo<\/li>\n<\/ul>\n<p>La proposta si articola in una serie di 7 azioni interconnesse tra loro che spaziano, a seguito dell\u2019individuazione di alcune aree campione che presentino le migliori caratteristiche di produttivit\u00e0 per tutte le risorse, da azioni di restocking sia in situ che ex situ, a studi sull\u2019incremento dei popolamenti di vongola lupino a seguito dell\u2019azione positiva generata da periodi di pesca alle seppie praticata con attrezzi fissi da posta, per arrivare a classificazioni genetiche e programmi di qualificazione in termini economici e di sostenibilit\u00e0 dei prodotti, abbinati a programmi di promozione, divulgazione e didattica.<\/p>\n<p>Le <strong>azioni specifiche<\/strong> possono quindi essere riassunte, in linea generale, in:<\/p>\n<ol>\n<li>Interventi di preparazione di piani di protezione e di gestione per attivit\u00e0 connesse alla pesca attraverso studi, compresi monitoraggi e programmi di sorveglianza di alcune specie target per la pesca artigianale e mappature delle intensit\u00e0 della pesca e delle interazioni tra specie e habitat protetti compresi interventi di studio ed analisi sugli habitat costieri di rilevanza riproduttiva.<\/li>\n<li>Misure di conservazione di carattere positivo finalizzate alla protezione ed alla conservazione della fauna di interesse per la pesca artigianale, compresi interventi di ripopolamento in situ.<\/li>\n<li>Misure di conservazione di carattere positivo finalizzate alla protezione ed alla conservazione della fauna di interesse per la pesca artigianale, compresi interventi di ripopolamento ex situ, con previsione di formazione per i pescatori in materia di migliore gestione e conservazione delle risorse biologiche marine;<\/li>\n<li>Interventi finalizzati ad una migliore gestione e conservazione delle risorse biologiche attraverso definizione di indicatori delle pressioni e degli impatti e valutazione dello stato di conservazione attraverso marcatori molecolari specie \u2013 specifici.<\/li>\n<li>Studi ed altre azioni scientifiche di mappatura e valutazione degli ecosistemi marini e costieri, dei servizi ecosistemici, degli andamenti dei popolamenti e dei risultati attesi da azioni positive di ripopolamento indotto dalla protezione di aree di valenza,<\/li>\n<li>l\u2019attivazione di un percorso che qualifichi in termini economici e di sostenibilit\u00e0 i molluschi prodotti dalla piccola pesca costiera se in abbinamento alle azioni sopra descritte, contemplando in esse formazione degli operatori ittici sulla sensibilizzazione alla rimozione degli attrezzi da pesca danneggiati o distaccati dai tradizionali filari con formazione anche sulle metodologie di restauro degli stessi in alternativa allo smaltimento.<\/li>\n<li>l\u2019attivazione di percorsi divulgativi ed informativi del consumatore, anche attraverso lo sviluppo di programmazioni didattiche, per la promozione del pescato locale a miglio 0.<\/li>\n<\/ol>\n<p>Infine, proprio nello snodarsi delle diverse azioni e attivit\u00e0 presentate, si prevede un coinvolgimento ed una stretta collaborazione con alcuni partner del territorio, alcuni gi\u00e0 individuati tra quelli con una visione comune di sviluppo sostenibile e con specificit\u00e0 complementari alla realizzazione del progetto stesso.<\/p>\n<p>Il progetto si svolger\u00e0 nel corso del 2020, con inizio delle attivit\u00e0 sul campo nel corso della primavera 2020 e conclusione in autunno dello stesso anno.<\/p>\n<p>Il programma \u00e8 finanziato per un importo complessivo di \u20ac 147.936,00 ed un contributo pubblico pari ad \u20ac 147.936,00 di cui \u20ac 73.968,00 di quota comunitaria e \u20ac 73.968,00 di quota nazionale, nell\u2019ambito del fondo europeo per gli affari marittimi e la pesca FEAMP.<\/p>\n<p>\t\t\t\t\t\t\t\t\t\t<img loading=\"lazy\" decoding=\"async\" width=\"640\" height=\"480\" src=\"https:\/\/cooperativalaromagnola.it\/wp-content\/uploads\/2020\/04\/Uova-di-Seppia-1.jpg\" alt=\"\" srcset=\"https:\/\/i2.wp.com\/spidernet.tech\/wp-content\/uploads\/2020\/04\/Uova-di-Seppia-1.jpg?w=1000 1000w, https:\/\/i2.wp.com\/spidernet.tech\/wp-content\/uploads\/2020\/04\/Uova-di-Seppia-1.jpg?resize=300%2C225 300w, https:\/\/i2.wp.com\/spidernet.tech\/wp-content\/uploads\/2020\/04\/Uova-di-Seppia-1.jpg?resize=768%2C576 768w, https:\/\/i2.wp.com\/spidernet.tech\/wp-content\/uploads\/2020\/04\/Uova-di-Seppia-1.jpg?resize=285%2C214 285w\" sizes=\"auto, (max-width: 640px) 100vw, 640px\" \/><br \/>\n\t\t\t\t\t\t\t\t\t\t<img loading=\"lazy\" decoding=\"async\" width=\"150\" height=\"150\" src=\"https:\/\/cooperativalaromagnola.it\/wp-content\/uploads\/2020\/04\/Flag_of_Europe-150x150.png\" alt=\"\" srcset=\"https:\/\/i1.wp.com\/spidernet.tech\/wp-content\/uploads\/2020\/04\/Flag_of_Europe.png?resize=150%2C150 150w, https:\/\/i1.wp.com\/spidernet.tech\/wp-content\/uploads\/2020\/04\/Flag_of_Europe.png?resize=250%2C250 250w, https:\/\/i1.wp.com\/spidernet.tech\/wp-content\/uploads\/2020\/04\/Flag_of_Europe.png?resize=174%2C174 174w, https:\/\/i1.wp.com\/spidernet.tech\/wp-content\/uploads\/2020\/04\/Flag_of_Europe.png?zoom=2&amp;resize=150%2C150 300w, https:\/\/i1.wp.com\/spidernet.tech\/wp-content\/uploads\/2020\/04\/Flag_of_Europe.png?zoom=3&amp;resize=150%2C150 450w\" sizes=\"auto, (max-width: 150px) 100vw, 150px\" \/><br \/>\n\t\t\t\t\t\t\t\t\t\t<img loading=\"lazy\" decoding=\"async\" width=\"300\" height=\"120\" src=\"https:\/\/cooperativalaromagnola.it\/wp-content\/uploads\/2020\/04\/unnamed-300x120.png\" alt=\"\" srcset=\"https:\/\/i2.wp.com\/spidernet.tech\/wp-content\/uploads\/2020\/04\/unnamed.png?resize=300%2C120 300w, https:\/\/i2.wp.com\/spidernet.tech\/wp-content\/uploads\/2020\/04\/unnamed.png?w=512 512w\" sizes=\"auto, (max-width: 300px) 100vw, 300px\" \/>\t\t\t\t\t\t\t\t\t\t\t<\/p>\n<p style=\"text-align: center;\"><a href=\"https:\/\/cooperativalaromagnola.it\/wp-content\/uploads\/2020\/04\/indagine-di-mercato-ricerca-fornitori.pdf\" target=\"_blank\" rel=\"noopener\"><strong>NEWS DI PROGETTO: RICERCA FORNITORI<\/strong><\/a><\/p>\n","protected":false},"excerpt":{"rendered":"<p>Avviso Pubblico PO FEAMP 2014\/2020, Misura 1.40, Protocollo Uscita N. 0001757 del 23\/01\/2020, Progetto S.E.P.P.I.A. (44\/RBC\/18) _CUP J69E18000520007 Reg. (UE) 508\/2014 relativo al Fondo Europeo per gli Affari Marittimi e la Pesca FEAMP Misura 1.40 Protezione e ripristino della biodiversit\u00e0 e degli ecosistemi marini e dei regimi di compensazione nell&#8217;ambito di attivit\u00e0 di pesca sostenibili <a href=\"https:\/\/cooperativalaromagnola.it\/?page_id=156\" rel=\"nofollow\"><span class=\"sr-only\">Leggi di pi\u00f9Progetto Seppia<\/span>[&hellip;]<\/a><\/p>\n","protected":false},"author":1,"featured_media":0,"parent":0,"menu_order":0,"comment_status":"closed","ping_status":"closed","template":"template-fullwidth.php","meta":{"footnotes":""},"class_list":["post-156","page","type-page","status-publish","hentry"],"_links":{"self":[{"href":"https:\/\/cooperativalaromagnola.it\/index.php?rest_route=\/wp\/v2\/pages\/156","targetHints":{"allow":["GET"]}}],"collection":[{"href":"https:\/\/cooperativalaromagnola.it\/index.php?rest_route=\/wp\/v2\/pages"}],"about":[{"href":"https:\/\/cooperativalaromagnola.it\/index.php?rest_route=\/wp\/v2\/types\/page"}],"author":[{"embeddable":true,"href":"https:\/\/cooperativalaromagnola.it\/index.php?rest_route=\/wp\/v2\/users\/1"}],"replies":[{"embeddable":true,"href":"https:\/\/cooperativalaromagnola.it\/index.php?rest_route=%2Fwp%2Fv2%2Fcomments&post=156"}],"version-history":[{"count":8,"href":"https:\/\/cooperativalaromagnola.it\/index.php?rest_route=\/wp\/v2\/pages\/156\/revisions"}],"predecessor-version":[{"id":171,"href":"https:\/\/cooperativalaromagnola.it\/index.php?rest_route=\/wp\/v2\/pages\/156\/revisions\/171"}],"wp:attachment":[{"href":"https:\/\/cooperativalaromagnola.it\/index.php?rest_route=%2Fwp%2Fv2%2Fmedia&parent=156"}],"curies":[{"name":"wp","href":"https:\/\/api.w.org\/{rel}","templated":true}]}}