{"id":178,"date":"2020-12-18T11:12:29","date_gmt":"2020-12-18T11:12:29","guid":{"rendered":"https:\/\/cooperativalaromagnola.it\/?page_id=178"},"modified":"2020-12-18T11:19:03","modified_gmt":"2020-12-18T11:19:03","slug":"la-cozza-selvaggia","status":"publish","type":"page","link":"https:\/\/cooperativalaromagnola.it\/?page_id=178","title":{"rendered":"La Cozza Selvaggia"},"content":{"rendered":"<p><img loading=\"lazy\" decoding=\"async\" src=\"https:\/\/cooperativalaromagnola.it\/wp-content\/uploads\/2020\/12\/Foto-1-1024x767.jpg\" sizes=\"auto, (max-width: 640px) 100vw, 640px\" srcset=\"https:\/\/i1.wp.com\/spidernet.tech\/wp-content\/uploads\/2020\/12\/Foto-1.jpg?resize=1024%2C767 1024w, https:\/\/i1.wp.com\/spidernet.tech\/wp-content\/uploads\/2020\/12\/Foto-1.jpg?resize=300%2C225 300w, https:\/\/i1.wp.com\/spidernet.tech\/wp-content\/uploads\/2020\/12\/Foto-1.jpg?resize=768%2C575 768w, https:\/\/i1.wp.com\/spidernet.tech\/wp-content\/uploads\/2020\/12\/Foto-1.jpg?resize=285%2C214 285w, https:\/\/i1.wp.com\/spidernet.tech\/wp-content\/uploads\/2020\/12\/Foto-1.jpg?w=1200 1200w\" alt=\"\" width=\"640\" height=\"479\" \/><br \/>\n<img loading=\"lazy\" decoding=\"async\" src=\"https:\/\/cooperativalaromagnola.it\/wp-content\/uploads\/2020\/12\/Loghi-1024x122.jpg\" sizes=\"auto, (max-width: 640px) 100vw, 640px\" srcset=\"https:\/\/i0.wp.com\/spidernet.tech\/wp-content\/uploads\/2020\/12\/Loghi.jpg?resize=1024%2C122 1024w, https:\/\/i0.wp.com\/spidernet.tech\/wp-content\/uploads\/2020\/12\/Loghi.jpg?resize=300%2C36 300w, https:\/\/i0.wp.com\/spidernet.tech\/wp-content\/uploads\/2020\/12\/Loghi.jpg?resize=768%2C92 768w, https:\/\/i0.wp.com\/spidernet.tech\/wp-content\/uploads\/2020\/12\/Loghi.jpg?w=1280 1280w, https:\/\/i0.wp.com\/spidernet.tech\/wp-content\/uploads\/2020\/12\/Loghi.jpg?w=1920 1920w\" alt=\"\" width=\"640\" height=\"76\" \/><\/p>\n<h2 style=\"margin-bottom: 0cm; line-height: normal; background-image: initial; background-position: initial; background-size: initial; background-repeat: initial; background-attachment: initial; background-origin: initial; background-clip: initial; text-align: center;\"><strong>Al via il progetto di creazione del marchio per le cozze selvatiche di Marina di Ravenna.<\/strong><\/h2>\n<p style=\"margin-bottom: 0cm; line-height: normal; background-image: initial; background-position: initial; background-size: initial; background-repeat: initial; background-attachment: initial; background-origin: initial; background-clip: initial;\">\u00c8 ufficialmente avviato dalla cooperativa La Romagnola in collaborazione con il Nuovo Conisub e con la consulenza specialistica di alcuni stakeholder il progetto candidato al bando promosso dal FLAG COSTA DELL&#8217;EMILIA ROMAGNA &#8211; Azione 1.C.b) &#8211; INTERVENTI IMMATERIALI<\/p>\n<p style=\"margin-bottom: 0cm; line-height: normal; background-image: initial; background-position: initial; background-size: initial; background-repeat: initial; background-attachment: initial; background-origin: initial; background-clip: initial;\">&#8220;Qualificazione delle produzioni e dei luoghi dove si svolge l&#8217;attivit\u00e0 dell&#8217;operatore ittico&#8221; PO FEAMP 2014\/2020<\/p>\n<p style=\"margin-bottom: 0cm; line-height: normal; background-image: initial; background-position: initial; background-size: initial; background-repeat: initial; background-attachment: initial; background-origin: initial; background-clip: initial;\">Il progetto consta di una serie di attivit\u00e0 di ricerca scientifica e iniziative per la caratterizzazione del prodotto di eccellenza delle due cooperative ravennati: la cozza selvatica di Marina di Ravenna.<\/p>\n<p style=\"margin-bottom: 0cm; line-height: normal; background-image: initial; background-position: initial; background-size: initial; background-repeat: initial; background-attachment: initial; background-origin: initial; background-clip: initial;\">L&#8217;obiettivo \u00e8 quello di qualificare questo mitile dall&#8217;indiscusso valore qualitativo arrivando alla creazione di un marchio identitario che sia da volano anche per l&#8217;attrattivit\u00e0 del territorio.<\/p>\n<table>\n<tbody>\n<tr>\n<td width=\"231\"><strong>Bando\u00a0 <\/strong><\/td>\n<td width=\"387\"><em>Bando Azione 1.C.B) <\/em><\/p>\n<p><em>\u201cQualificazione delle produzioni e dei luoghi dove si svolge l&#8217;attivit\u00e0 dell&#8217;operatore ittico\u201d -INTERVENTI IMMATERIALI finalizzati a qualificare le attivit\u00e0 e i prodotti ittici nelle diverse fasi di lavorazione, promozione e commercializzazione<\/em><\/td>\n<\/tr>\n<tr>\n<td width=\"231\"><strong>Obiettivo del PdA<\/strong><\/td>\n<td width=\"387\"><em>OBIETTIVO DEL PIANO DI AZIONE n. 1<\/em><\/p>\n<p><em>Qualificare tutte le fasi della filiera ittica per aumentare la competitivit\u00e0 e migliorare la qualit\u00e0 e sostenibilit\u00e0 delle produzioni ittiche. <\/em><\/td>\n<\/tr>\n<tr>\n<td width=\"231\"><strong>Titolo del progetto<\/strong><\/td>\n<td width=\"387\"><strong><em>La cozza selvatica di Marina di Ravenna<\/em><\/strong><\/td>\n<\/tr>\n<tr>\n<td width=\"231\"><strong>Descrizione del progetto<\/strong><\/td>\n<td width=\"387\"><em>Studi e ricerche atte a definire i parametri in grado di qualificare la cozza selvatica di marina di Ravenna e iniziative di creazione e registrazione di un marchio, con conseguente campagna di comunicazione e promozione del prodotto<\/em><\/td>\n<\/tr>\n<tr>\n<td width=\"231\"><strong>Importo del progetto <\/strong><\/td>\n<td width=\"387\"><em>70.000,00 Euro <\/em><\/td>\n<\/tr>\n<tr>\n<td width=\"231\"><strong>Contributo concedibile <\/strong><\/td>\n<td width=\"387\"><em>56.000,00 Euro <\/em><\/td>\n<\/tr>\n<tr>\n<td width=\"231\"><strong>Spese ammissibili<\/strong><\/td>\n<td width=\"387\"><em>Spese per studi e indagini scientifiche, costi di consulenza specialistica, costi di diffusione per la pubblicazione, costi per l\u2019acquisto di packaging<\/em><\/p>\n<p><em>\u00a0<\/em><\/td>\n<\/tr>\n<tr>\n<td width=\"231\"><strong>Sostegno<\/strong><\/td>\n<td width=\"387\"><em>80%<\/em><\/td>\n<\/tr>\n<tr>\n<td width=\"231\"><strong>Tempistica <\/strong><\/td>\n<td width=\"387\"><em>22\/10\/2020 &#8211; 30 Giugno 2021<\/em><\/td>\n<\/tr>\n<tr>\n<td width=\"231\"><strong>Risultati attesi<\/strong><\/td>\n<td width=\"387\"><em>L\u2019obiettivo principale del progetto \u00e8 la tutela, attraverso la creazione di un marchio identitario, del prodotto \u201cla cozza selvatica di Marina di ravenna\u201d, a beneficio della tracciabilit\u00e0 della filiera, della qualificazione di una pesca sostenibile e della promozione di un prodotto (unico) del territorio<\/em><\/td>\n<\/tr>\n<tr>\n<td width=\"231\"><strong>Responsabile del progetto<\/strong><\/td>\n<td width=\"387\"><em>Alleati Sauro<\/em><\/td>\n<\/tr>\n<\/tbody>\n<\/table>\n<p><img loading=\"lazy\" decoding=\"async\" src=\"https:\/\/cooperativalaromagnola.it\/wp-content\/uploads\/2020\/12\/Foto-2-1024x683.jpg\" sizes=\"auto, (max-width: 640px) 100vw, 640px\" srcset=\"https:\/\/i1.wp.com\/spidernet.tech\/wp-content\/uploads\/2020\/12\/Foto-2.jpg?resize=1024%2C683 1024w, https:\/\/i1.wp.com\/spidernet.tech\/wp-content\/uploads\/2020\/12\/Foto-2.jpg?resize=300%2C200 300w, https:\/\/i1.wp.com\/spidernet.tech\/wp-content\/uploads\/2020\/12\/Foto-2.jpg?resize=768%2C512 768w, https:\/\/i1.wp.com\/spidernet.tech\/wp-content\/uploads\/2020\/12\/Foto-2.jpg?resize=750%2C500 750w, https:\/\/i1.wp.com\/spidernet.tech\/wp-content\/uploads\/2020\/12\/Foto-2.jpg?w=1200 1200w\" alt=\"\" width=\"640\" height=\"427\" \/><\/p>\n","protected":false},"excerpt":{"rendered":"<p>Al via il progetto di creazione del marchio per le cozze selvatiche di Marina di Ravenna. \u00c8 ufficialmente avviato dalla cooperativa La Romagnola in collaborazione con il Nuovo Conisub e con la consulenza specialistica di alcuni stakeholder il progetto candidato al bando promosso dal FLAG COSTA DELL&#8217;EMILIA ROMAGNA &#8211; Azione 1.C.b) &#8211; INTERVENTI IMMATERIALI &#8220;Qualificazione <a href=\"https:\/\/cooperativalaromagnola.it\/?page_id=178\" rel=\"nofollow\"><span class=\"sr-only\">Leggi di pi\u00f9La Cozza Selvaggia<\/span>[&hellip;]<\/a><\/p>\n","protected":false},"author":1,"featured_media":0,"parent":0,"menu_order":0,"comment_status":"closed","ping_status":"closed","template":"template-fullwidth.php","meta":{"footnotes":""},"class_list":["post-178","page","type-page","status-publish","hentry"],"_links":{"self":[{"href":"https:\/\/cooperativalaromagnola.it\/index.php?rest_route=\/wp\/v2\/pages\/178","targetHints":{"allow":["GET"]}}],"collection":[{"href":"https:\/\/cooperativalaromagnola.it\/index.php?rest_route=\/wp\/v2\/pages"}],"about":[{"href":"https:\/\/cooperativalaromagnola.it\/index.php?rest_route=\/wp\/v2\/types\/page"}],"author":[{"embeddable":true,"href":"https:\/\/cooperativalaromagnola.it\/index.php?rest_route=\/wp\/v2\/users\/1"}],"replies":[{"embeddable":true,"href":"https:\/\/cooperativalaromagnola.it\/index.php?rest_route=%2Fwp%2Fv2%2Fcomments&post=178"}],"version-history":[{"count":8,"href":"https:\/\/cooperativalaromagnola.it\/index.php?rest_route=\/wp\/v2\/pages\/178\/revisions"}],"predecessor-version":[{"id":189,"href":"https:\/\/cooperativalaromagnola.it\/index.php?rest_route=\/wp\/v2\/pages\/178\/revisions\/189"}],"wp:attachment":[{"href":"https:\/\/cooperativalaromagnola.it\/index.php?rest_route=%2Fwp%2Fv2%2Fmedia&parent=178"}],"curies":[{"name":"wp","href":"https:\/\/api.w.org\/{rel}","templated":true}]}}